{"id":1885,"date":"2020-05-06T17:39:24","date_gmt":"2020-05-06T22:39:24","guid":{"rendered":"https:\/\/www.graamex.com.mx\/carrito\/"},"modified":"2025-03-30T20:57:13","modified_gmt":"2025-03-31T02:57:13","slug":"cart-shopping","status":"publish","type":"page","link":"https:\/\/www.graamex.com.mx\/en\/cart-shopping\/","title":{"rendered":"Cart Shopping"},"content":{"rendered":"\t\t<div data-elementor-type=\"wp-page\" data-elementor-id=\"1885\" class=\"elementor elementor-1885 elementor-1873\" data-elementor-post-type=\"page\">\n\t\t\t\t<div class=\"elementor-element elementor-element-4217c4e e-flex e-con-boxed wpr-particle-no wpr-jarallax-no wpr-parallax-no wpr-sticky-section-no wpr-equal-height-no e-con e-parent\" data-id=\"4217c4e\" data-element_type=\"container\" data-e-type=\"container\" data-settings=\"{&quot;background_background&quot;:&quot;classic&quot;,&quot;shape_divider_top&quot;:&quot;opacity-fan&quot;,&quot;shape_divider_bottom&quot;:&quot;opacity-fan&quot;}\">\n\t\t\t\t\t<div class=\"e-con-inner\">\n\t\t\t\t<div class=\"elementor-shape elementor-shape-top\" aria-hidden=\"true\" data-negative=\"false\">\n\t\t\t<svg xmlns=\"http:\/\/www.w3.org\/2000\/svg\" viewBox=\"0 0 283.5 19.6\" preserveAspectRatio=\"none\">\n\t<path class=\"elementor-shape-fill\" style=\"opacity:0.33\" d=\"M0 0L0 18.8 141.8 4.1 283.5 18.8 283.5 0z\"\/>\n\t<path class=\"elementor-shape-fill\" style=\"opacity:0.33\" d=\"M0 0L0 12.6 141.8 4 283.5 12.6 283.5 0z\"\/>\n\t<path class=\"elementor-shape-fill\" style=\"opacity:0.33\" d=\"M0 0L0 6.4 141.8 4 283.5 6.4 283.5 0z\"\/>\n\t<path class=\"elementor-shape-fill\" d=\"M0 0L0 1.2 141.8 4 283.5 1.2 283.5 0z\"\/>\n<\/svg>\t\t<\/div>\n\t\t\t\t<div class=\"elementor-shape elementor-shape-bottom\" aria-hidden=\"true\" data-negative=\"false\">\n\t\t\t<svg xmlns=\"http:\/\/www.w3.org\/2000\/svg\" viewBox=\"0 0 283.5 19.6\" preserveAspectRatio=\"none\">\n\t<path class=\"elementor-shape-fill\" style=\"opacity:0.33\" d=\"M0 0L0 18.8 141.8 4.1 283.5 18.8 283.5 0z\"\/>\n\t<path class=\"elementor-shape-fill\" style=\"opacity:0.33\" d=\"M0 0L0 12.6 141.8 4 283.5 12.6 283.5 0z\"\/>\n\t<path class=\"elementor-shape-fill\" style=\"opacity:0.33\" d=\"M0 0L0 6.4 141.8 4 283.5 6.4 283.5 0z\"\/>\n\t<path class=\"elementor-shape-fill\" d=\"M0 0L0 1.2 141.8 4 283.5 1.2 283.5 0z\"\/>\n<\/svg>\t\t<\/div>\n\t\t\t\t<div class=\"elementor-element elementor-element-f047af8 elementor-widget elementor-widget-eael-woo-cart\" data-id=\"f047af8\" data-element_type=\"widget\" data-e-type=\"widget\" data-settings=\"{&quot;eael_woo_cart_components_continue_shopping_icon&quot;:{&quot;value&quot;:&quot;fas fa-shopping-cart&quot;,&quot;library&quot;:&quot;fa-solid&quot;}}\" data-widget_type=\"eael-woo-cart.default\">\n\t\t\t\t<div class=\"elementor-widget-container\">\n\t\t\t\t\t\t\t\t\t<div class=\"eael-woo-cart-wrapper eael-woo-cart-empty eael-woo-default eael-auto-update33\">\n\t\t\t\t<div class=\"woocommerce-notices-wrapper\"><\/div><div class=\"wc-empty-cart-message\">\n\t<div class=\"cart-empty woocommerce-info\">\n\t\tIn this moment your shopping cart is empty\t<\/div>\n<\/div>\t<p class=\"return-to-shop\">\n\t\t<a class=\"button wc-backward\" href=\"https:\/\/www.graamex.com.mx\/productos\/\">\n\t\t\tReturn to shop\t\t<\/a>\n\t<\/p>\n                <\/div>\n\t\t\t\t        <script>document.body.classList.add(\"eael-woo-cart\");<\/script>\n\t\t\t\t\t\t<\/div>\n\t\t\t\t<\/div>\n\t\t\t\t\t<\/div>\n\t\t\t\t<\/div>\n\t\t<div class=\"elementor-element elementor-element-640ccfd e-flex e-con-boxed wpr-particle-no wpr-jarallax-no wpr-parallax-no wpr-sticky-section-no wpr-equal-height-no e-con e-parent\" data-id=\"640ccfd\" data-element_type=\"container\" data-e-type=\"container\">\n\t\t\t\t\t<div class=\"e-con-inner\">\n\t\t\t\t<div class=\"elementor-element elementor-element-08ac982 elementor-widget elementor-widget-image\" data-id=\"08ac982\" data-element_type=\"widget\" data-e-type=\"widget\" data-widget_type=\"image.default\">\n\t\t\t\t<div class=\"elementor-widget-container\">\n\t\t\t\t\t\t\t\t\t\t\t\t\t\t\t<img fetchpriority=\"high\" decoding=\"async\" width=\"700\" height=\"131\" src=\"https:\/\/www.graamex.com.mx\/wp-content\/uploads\/2020\/01\/crop-0-0-1920-360-0-footer-skyline-5-1024x192.png\" class=\"attachment-large size-large wp-image-1023\" alt=\"\" srcset=\"https:\/\/www.graamex.com.mx\/wp-content\/uploads\/2020\/01\/crop-0-0-1920-360-0-footer-skyline-5-1024x192.png 1024w, https:\/\/www.graamex.com.mx\/wp-content\/uploads\/2020\/01\/crop-0-0-1920-360-0-footer-skyline-5-600x113.png 600w, https:\/\/www.graamex.com.mx\/wp-content\/uploads\/2020\/01\/crop-0-0-1920-360-0-footer-skyline-5-300x56.png 300w, https:\/\/www.graamex.com.mx\/wp-content\/uploads\/2020\/01\/crop-0-0-1920-360-0-footer-skyline-5-768x144.png 768w, https:\/\/www.graamex.com.mx\/wp-content\/uploads\/2020\/01\/crop-0-0-1920-360-0-footer-skyline-5-1536x288.png 1536w, https:\/\/www.graamex.com.mx\/wp-content\/uploads\/2020\/01\/crop-0-0-1920-360-0-footer-skyline-5-1200x225.png 1200w, https:\/\/www.graamex.com.mx\/wp-content\/uploads\/2020\/01\/crop-0-0-1920-360-0-footer-skyline-5.png 1920w\" sizes=\"(max-width: 700px) 100vw, 700px\" \/>\t\t\t\t\t\t\t\t\t\t\t\t\t\t\t<\/div>\n\t\t\t\t<\/div>\n\t\t\t\t\t<\/div>\n\t\t\t\t<\/div>\n\t\t\t\t<\/div>\n\t\t","protected":false},"excerpt":{"rendered":"<p>Remove Product Description Price Quantity Subtotal &times; HP: HP A5273A Ultra-2 Scsi disk array bus control module for HP SC10 disk enclosures &#36;77.50 HP: HP A5273A Ultra-2 Scsi disk array bus control module for HP SC10 disk enclosures cantidad &#36;77.50 Cup\u00f3n: Apply coupon Continue shopping Update cart Env\u00edo Pasar a recoger En nuestra oficina de la CdMX Enviar a Av. Plutarco Elias Calles 1180 Depto 8, Colonia Adolfo Ruiz Cortines, Iztacalco, Ciudad de M\u00e9xico, 08830. Cambiar direcci\u00f3n Pa\u00eds \/ Regi\u00f3n Selecciona un pa\u00eds\/regi\u00f3n&hellip;Afganist\u00e1nAlbaniaAlemaniaAndorraAngolaAnguilaAnt\u00e1rtidaAntigua y BarbudaArabia SauditaArgeliaArgentinaArmeniaArubaAustraliaAustriaAzerbaijanBahamasBahrainBangladeshBarbadosBelauB\u00e9lgicaBelizeBeninBermudaBhutanBielorrusiaBirmaniaBoliviaBonaire, San Eustaquio y SabaBosnia y HerzegovinaBotswanaBrasilBrun\u00e9iBulgariaBurkina FasoBurundiCabo VerdeCamboyaCamer\u00fanCanad\u00e1ChadChileChinaChipreCiudad del VaticanoColombiaComorasCongo (Brazzaville)Congo (Kinshasa)Corea del NorteCorea del SurCosta de MarfilCosta RicaCroaciaCubaCura&ccedil;aoDinamarcaDjiboutiDominicaEcuadorEgiptoEl SalvadorEmiratos \u00c1rabes UnidosEritreaEslovaquiaEsloveniaEspa\u00f1aEstados Unidos (EEUU)EstoniaEsuatiniEtiop\u00edaFilipinasFinlandiaFiyiFranciaGab\u00f3nGambiaGeorgiaGhanaGibraltarGranadaGreciaGroenlandiaGuadalupeGuamGuatemalaGuayana FrancesaGuernseyGuineaGuinea EcuatorialGuinea-Bis\u00e1uGuyanaHait\u00edHondurasHong KongHungr\u00edaIndiaIndonesiaIrakIr\u00e1nIrlandaIsla BouvetIsla de ManIsla de NavidadIsla NorfolkIsla Santa ElenaIslandiaIslas \u00c5landIslas Caim\u00e1nIslas CocosIslas CookIslas de ultramar menores de Estados Unidos (EEUU)Islas FeroeIslas Georgias y Sandwich del SurIslas Heard y McDonaldIslas MalvinasIslas Marianas del NorteIslas MarshallIslas Salom\u00f3nIslas Turcas y CaicosIslas V\u00edrgenes (Brit\u00e1nicas)Islas V\u00edrgenes (EEUU)IsraelItaliaJamaicaJap\u00f3nJerseyJordaniaKazajist\u00e1nKeniaKirguist\u00e1nKiribatiKuwaitLaosLesotoLetoniaL\u00edbanoLiberiaLibiaLiechtensteinLituaniaLuxemburgoMacaoMacedonia del NorteMadagascarMalasiaMalauiMaldivasMal\u00edMaltaMarruecosMartinicaMauricioMauritaniaMayotteM\u00e9xicoMicronesiaMoldaviaM\u00f3nacoMongoliaMontenegroMontserratMozambiqueNamibiaNauruNepalNicaraguaN\u00edgerNigeriaNiueNoruegaNueva CaledoniaNueva ZelandaOm\u00e1nPa\u00edses BajosPakist\u00e1nPanam\u00e1Pap\u00faa Nueva GuineaParaguayPer\u00faPitcairnPolinesia FrancesaPoloniaPortugalPuerto RicoQatarReino Unido (UK)Rep\u00fablica CentroafricanaRep\u00fablica ChecaRep\u00fablica DominicanaReuni\u00f3nRuandaRumaniaRusiaSahara OccidentalSamoaSamoa AmericanaSan Bartolom\u00e9San Crist\u00f3bal y NievesSan MarinoSan Mart\u00edn (Pa\u00edses Bajos)San Mart\u00edn (parte de Francia)San Pedro y Miquel\u00f3nSan Vicente y las GranadinasSanta Luc\u00edaSanto Tom\u00e9 y Pr\u00edncipeSenegalSerbiaSeychellesSierra LeonaSingapurSiriaSomaliaSri LankaSud\u00e1fricaSud\u00e1nSud\u00e1n del SurSueciaSuizaSurinamSvalbard y Jan MayenTailandiaTaiw\u00e1nTanzaniaTayikist\u00e1nTerritorio Brit\u00e1nico del Oc\u00e9ano \u00cdndicoTerritorios australes francesesTerritorios PalestinosTimor OrientalTogoTokelauTongaTrinidad y TobagoT\u00fanezTurkmenist\u00e1nTurqu\u00edaTuvaluUcraniaUgandaUruguayUzbekist\u00e1nVanuatuVenezuelaVietnamWallis y FutunaYemenZambiaZimbabue Regi\u00f3n \/ Provincia Elige una opci\u00f3n&hellip;Ciudad de M\u00e9xicoJaliscoNuevo Le\u00f3nAguascalientesBaja CaliforniaBaja California SurCampecheChiapasChihuahuaCoahuilaColimaDurangoGuanajuatoGuerreroHidalgoEstado de M\u00e9xicoMichoac\u00e1nMorelosNayaritOaxacaPueblaQuer\u00e9taroQuintana RooSan Luis Potos\u00edSinaloaSonoraTabascoTamaulipasTlaxcalaVeracruzYucat\u00e1nZacatecas Ciudad: C\u00f3digo postal: Actualizar Total &#36;77.50 (incluye &#036;10.69 IVA) Pay<\/p>\n","protected":false},"author":1,"featured_media":0,"parent":0,"menu_order":3,"comment_status":"closed","ping_status":"closed","template":"","meta":{"_coblocks_attr":"","_coblocks_dimensions":"","_coblocks_responsive_height":"","_coblocks_accordion_ie_support":"","_uag_custom_page_level_css":"","footnotes":""},"class_list":["post-1885","page","type-page","status-publish","hentry","post","no-featured-image"],"yoast_head":"<!-- This site is optimized with the Yoast SEO plugin v27.4 - https:\/\/yoast.com\/product\/yoast-seo-wordpress\/ -->\n<title>Cart Shopping -<\/title>\n<meta name=\"description\" content=\"Cart shopping page from Grupo Hitech Raamex Sa de CV website, this page helps you to acces and see your products bought in our website\" \/>\n<meta name=\"robots\" content=\"index, follow, max-snippet:-1, max-image-preview:large, max-video-preview:-1\" \/>\n<link rel=\"canonical\" href=\"https:\/\/www.graamex.com.mx\/en\/cart-shopping\/\" \/>\n<meta property=\"og:locale\" content=\"en_US\" \/>\n<meta property=\"og:type\" content=\"article\" \/>\n<meta property=\"og:title\" content=\"Cart Shopping -\" \/>\n<meta property=\"og:description\" content=\"Cart shopping page from Grupo Hitech Raamex Sa de CV website, this page helps you to acces and see your products bought in our website\" \/>\n<meta property=\"og:url\" content=\"https:\/\/www.graamex.com.mx\/en\/cart-shopping\/\" \/>\n<meta property=\"article:publisher\" content=\"https:\/\/www.facebook.com\/raamexcompany\/\" \/>\n<meta property=\"article:modified_time\" content=\"2025-03-31T02:57:13+00:00\" \/>\n<meta property=\"og:image\" content=\"https:\/\/www.graamex.com.mx\/wp-content\/uploads\/2024\/07\/20220805182616_IMG_7861-300x300.jpg\" \/>\n<meta name=\"twitter:card\" content=\"summary_large_image\" \/>\n<meta name=\"twitter:site\" content=\"@ghraamex8\" \/>\n<meta name=\"twitter:label1\" content=\"Est. reading time\" \/>\n\t<meta name=\"twitter:data1\" content=\"3 minutes\" \/>\n<script type=\"application\/ld+json\" class=\"yoast-schema-graph\">{\"@context\":\"https:\\\/\\\/schema.org\",\"@graph\":[{\"@type\":\"WebPage\",\"@id\":\"https:\\\/\\\/www.graamex.com.mx\\\/en\\\/cart-shopping\\\/\",\"url\":\"https:\\\/\\\/www.graamex.com.mx\\\/en\\\/cart-shopping\\\/\",\"name\":\"Cart Shopping -\",\"isPartOf\":{\"@id\":\"https:\\\/\\\/www.graamex.com.mx\\\/en\\\/#website\"},\"primaryImageOfPage\":{\"@id\":\"https:\\\/\\\/www.graamex.com.mx\\\/en\\\/cart-shopping\\\/#primaryimage\"},\"image\":{\"@id\":\"https:\\\/\\\/www.graamex.com.mx\\\/en\\\/cart-shopping\\\/#primaryimage\"},\"thumbnailUrl\":\"https:\\\/\\\/www.graamex.com.mx\\\/wp-content\\\/uploads\\\/2024\\\/07\\\/20220805182616_IMG_7861-300x300.jpg\",\"datePublished\":\"2020-05-06T22:39:24+00:00\",\"dateModified\":\"2025-03-31T02:57:13+00:00\",\"description\":\"Cart shopping page from Grupo Hitech Raamex Sa de CV website, this page helps you to acces and see your products bought in our website\",\"breadcrumb\":{\"@id\":\"https:\\\/\\\/www.graamex.com.mx\\\/en\\\/cart-shopping\\\/#breadcrumb\"},\"inLanguage\":\"en-US\",\"potentialAction\":[{\"@type\":\"ReadAction\",\"target\":[\"https:\\\/\\\/www.graamex.com.mx\\\/en\\\/cart-shopping\\\/\"]}]},{\"@type\":\"ImageObject\",\"inLanguage\":\"en-US\",\"@id\":\"https:\\\/\\\/www.graamex.com.mx\\\/en\\\/cart-shopping\\\/#primaryimage\",\"url\":\"https:\\\/\\\/www.graamex.com.mx\\\/wp-content\\\/uploads\\\/2024\\\/07\\\/20220805182616_IMG_7861-300x300.jpg\",\"contentUrl\":\"https:\\\/\\\/www.graamex.com.mx\\\/wp-content\\\/uploads\\\/2024\\\/07\\\/20220805182616_IMG_7861-300x300.jpg\"},{\"@type\":\"BreadcrumbList\",\"@id\":\"https:\\\/\\\/www.graamex.com.mx\\\/en\\\/cart-shopping\\\/#breadcrumb\",\"itemListElement\":[{\"@type\":\"ListItem\",\"position\":1,\"name\":\"Title page\",\"item\":\"https:\\\/\\\/www.graamex.com.mx\\\/en\\\/\"},{\"@type\":\"ListItem\",\"position\":2,\"name\":\"Cart Shopping\"}]},{\"@type\":\"WebSite\",\"@id\":\"https:\\\/\\\/www.graamex.com.mx\\\/en\\\/#website\",\"url\":\"https:\\\/\\\/www.graamex.com.mx\\\/en\\\/\",\"name\":\"\",\"description\":\"\",\"publisher\":{\"@id\":\"https:\\\/\\\/www.graamex.com.mx\\\/en\\\/#organization\"},\"potentialAction\":[{\"@type\":\"SearchAction\",\"target\":{\"@type\":\"EntryPoint\",\"urlTemplate\":\"https:\\\/\\\/www.graamex.com.mx\\\/en\\\/?s={search_term_string}\"},\"query-input\":{\"@type\":\"PropertyValueSpecification\",\"valueRequired\":true,\"valueName\":\"search_term_string\"}}],\"inLanguage\":\"en-US\"},{\"@type\":\"Organization\",\"@id\":\"https:\\\/\\\/www.graamex.com.mx\\\/en\\\/#organization\",\"name\":\"Grupo Hitech Raamex SA de CV Grupo Hitech Raamex SA de CV\",\"url\":\"https:\\\/\\\/www.graamex.com.mx\\\/en\\\/\",\"logo\":{\"@type\":\"ImageObject\",\"inLanguage\":\"en-US\",\"@id\":\"https:\\\/\\\/www.graamex.com.mx\\\/en\\\/#\\\/schema\\\/logo\\\/image\\\/\",\"url\":\"https:\\\/\\\/www.graamex.com.mx\\\/wp-content\\\/uploads\\\/2020\\\/01\\\/GHR-LOGO-PNG-WEB.png\",\"contentUrl\":\"https:\\\/\\\/www.graamex.com.mx\\\/wp-content\\\/uploads\\\/2020\\\/01\\\/GHR-LOGO-PNG-WEB.png\",\"width\":209,\"height\":182,\"caption\":\"Grupo Hitech Raamex SA de CV Grupo Hitech Raamex SA de CV\"},\"image\":{\"@id\":\"https:\\\/\\\/www.graamex.com.mx\\\/en\\\/#\\\/schema\\\/logo\\\/image\\\/\"},\"sameAs\":[\"https:\\\/\\\/www.facebook.com\\\/raamexcompany\\\/\",\"https:\\\/\\\/x.com\\\/ghraamex8\",\"https:\\\/\\\/www.youtube.com\\\/channel\\\/UCppm-qBejJmnvapnIPXnYeA\"]}]}<\/script>\n<!-- \/ Yoast SEO plugin. -->","yoast_head_json":{"title":"Cart Shopping -","description":"Cart shopping page from Grupo Hitech Raamex Sa de CV website, this page helps you to acces and see your products bought in our website","robots":{"index":"index","follow":"follow","max-snippet":"max-snippet:-1","max-image-preview":"max-image-preview:large","max-video-preview":"max-video-preview:-1"},"canonical":"https:\/\/www.graamex.com.mx\/en\/cart-shopping\/","og_locale":"en_US","og_type":"article","og_title":"Cart Shopping -","og_description":"Cart shopping page from Grupo Hitech Raamex Sa de CV website, this page helps you to acces and see your products bought in our website","og_url":"https:\/\/www.graamex.com.mx\/en\/cart-shopping\/","article_publisher":"https:\/\/www.facebook.com\/raamexcompany\/","article_modified_time":"2025-03-31T02:57:13+00:00","og_image":[{"url":"https:\/\/www.graamex.com.mx\/wp-content\/uploads\/2024\/07\/20220805182616_IMG_7861-300x300.jpg","type":"","width":"","height":""}],"twitter_card":"summary_large_image","twitter_site":"@ghraamex8","twitter_misc":{"Est. reading time":"3 minutes"},"schema":{"@context":"https:\/\/schema.org","@graph":[{"@type":"WebPage","@id":"https:\/\/www.graamex.com.mx\/en\/cart-shopping\/","url":"https:\/\/www.graamex.com.mx\/en\/cart-shopping\/","name":"Cart Shopping -","isPartOf":{"@id":"https:\/\/www.graamex.com.mx\/en\/#website"},"primaryImageOfPage":{"@id":"https:\/\/www.graamex.com.mx\/en\/cart-shopping\/#primaryimage"},"image":{"@id":"https:\/\/www.graamex.com.mx\/en\/cart-shopping\/#primaryimage"},"thumbnailUrl":"https:\/\/www.graamex.com.mx\/wp-content\/uploads\/2024\/07\/20220805182616_IMG_7861-300x300.jpg","datePublished":"2020-05-06T22:39:24+00:00","dateModified":"2025-03-31T02:57:13+00:00","description":"Cart shopping page from Grupo Hitech Raamex Sa de CV website, this page helps you to acces and see your products bought in our website","breadcrumb":{"@id":"https:\/\/www.graamex.com.mx\/en\/cart-shopping\/#breadcrumb"},"inLanguage":"en-US","potentialAction":[{"@type":"ReadAction","target":["https:\/\/www.graamex.com.mx\/en\/cart-shopping\/"]}]},{"@type":"ImageObject","inLanguage":"en-US","@id":"https:\/\/www.graamex.com.mx\/en\/cart-shopping\/#primaryimage","url":"https:\/\/www.graamex.com.mx\/wp-content\/uploads\/2024\/07\/20220805182616_IMG_7861-300x300.jpg","contentUrl":"https:\/\/www.graamex.com.mx\/wp-content\/uploads\/2024\/07\/20220805182616_IMG_7861-300x300.jpg"},{"@type":"BreadcrumbList","@id":"https:\/\/www.graamex.com.mx\/en\/cart-shopping\/#breadcrumb","itemListElement":[{"@type":"ListItem","position":1,"name":"Title page","item":"https:\/\/www.graamex.com.mx\/en\/"},{"@type":"ListItem","position":2,"name":"Cart Shopping"}]},{"@type":"WebSite","@id":"https:\/\/www.graamex.com.mx\/en\/#website","url":"https:\/\/www.graamex.com.mx\/en\/","name":"","description":"","publisher":{"@id":"https:\/\/www.graamex.com.mx\/en\/#organization"},"potentialAction":[{"@type":"SearchAction","target":{"@type":"EntryPoint","urlTemplate":"https:\/\/www.graamex.com.mx\/en\/?s={search_term_string}"},"query-input":{"@type":"PropertyValueSpecification","valueRequired":true,"valueName":"search_term_string"}}],"inLanguage":"en-US"},{"@type":"Organization","@id":"https:\/\/www.graamex.com.mx\/en\/#organization","name":"Grupo Hitech Raamex SA de CV Grupo Hitech Raamex SA de CV","url":"https:\/\/www.graamex.com.mx\/en\/","logo":{"@type":"ImageObject","inLanguage":"en-US","@id":"https:\/\/www.graamex.com.mx\/en\/#\/schema\/logo\/image\/","url":"https:\/\/www.graamex.com.mx\/wp-content\/uploads\/2020\/01\/GHR-LOGO-PNG-WEB.png","contentUrl":"https:\/\/www.graamex.com.mx\/wp-content\/uploads\/2020\/01\/GHR-LOGO-PNG-WEB.png","width":209,"height":182,"caption":"Grupo Hitech Raamex SA de CV Grupo Hitech Raamex SA de CV"},"image":{"@id":"https:\/\/www.graamex.com.mx\/en\/#\/schema\/logo\/image\/"},"sameAs":["https:\/\/www.facebook.com\/raamexcompany\/","https:\/\/x.com\/ghraamex8","https:\/\/www.youtube.com\/channel\/UCppm-qBejJmnvapnIPXnYeA"]}]}},"uagb_featured_image_src":{"full":false,"thumbnail":false,"medium":false,"medium_large":false,"large":false,"1536x1536":false,"2048x2048":false,"post-thumbnail":false,"woocommerce_thumbnail":false,"woocommerce_single":false,"woocommerce_gallery_thumbnail":false},"uagb_author_info":{"display_name":"graamex8","author_link":"https:\/\/www.graamex.com.mx\/en\/author\/graamex8\/"},"uagb_comment_info":0,"uagb_excerpt":"Remove Product Description Price Quantity Subtotal &times; HP: HP A5273A Ultra-2 Scsi disk array bus control module for HP SC10 disk enclosures &#36;77.50 HP: HP A5273A Ultra-2 Scsi disk array bus control module for HP SC10 disk enclosures cantidad &#36;77.50 Cup\u00f3n: Apply coupon Continue shopping Update cart Env\u00edo Pasar a recoger En nuestra oficina de&hellip;","rttpg_featured_image_url":null,"rttpg_author":{"display_name":"graamex8","author_link":"https:\/\/www.graamex.com.mx\/en\/author\/graamex8\/"},"rttpg_comment":0,"rttpg_category":" <a href=\"https:\/\/www.graamex.com.mx\/?translation_priority=optional\" rel=\"tag\">Optional<\/a>","rttpg_excerpt":"Remove Product Description Price Quantity Subtotal &times; HP: HP A5273A Ultra-2 Scsi disk array bus control module for HP SC10 disk enclosures &#36;77.50 HP: HP A5273A Ultra-2 Scsi disk array bus control module for HP SC10 disk enclosures cantidad &#36;77.50 Cup\u00f3n: Apply coupon Continue shopping Update cart Env\u00edo Pasar a recoger En nuestra oficina de&hellip;","_links":{"self":[{"href":"https:\/\/www.graamex.com.mx\/en\/wp-json\/wp\/v2\/pages\/1885","targetHints":{"allow":["GET"]}}],"collection":[{"href":"https:\/\/www.graamex.com.mx\/en\/wp-json\/wp\/v2\/pages"}],"about":[{"href":"https:\/\/www.graamex.com.mx\/en\/wp-json\/wp\/v2\/types\/page"}],"author":[{"embeddable":true,"href":"https:\/\/www.graamex.com.mx\/en\/wp-json\/wp\/v2\/users\/1"}],"replies":[{"embeddable":true,"href":"https:\/\/www.graamex.com.mx\/en\/wp-json\/wp\/v2\/comments?post=1885"}],"version-history":[{"count":15,"href":"https:\/\/www.graamex.com.mx\/en\/wp-json\/wp\/v2\/pages\/1885\/revisions"}],"predecessor-version":[{"id":9678,"href":"https:\/\/www.graamex.com.mx\/en\/wp-json\/wp\/v2\/pages\/1885\/revisions\/9678"}],"wp:attachment":[{"href":"https:\/\/www.graamex.com.mx\/en\/wp-json\/wp\/v2\/media?parent=1885"}],"curies":[{"name":"wp","href":"https:\/\/api.w.org\/{rel}","templated":true}]}}